{"id":94,"date":"2017-06-21T06:25:08","date_gmt":"2017-06-21T06:25:08","guid":{"rendered":"http:\/\/tvafricavision.com\/?page_id=94"},"modified":"2017-06-21T07:00:11","modified_gmt":"2017-06-21T07:00:11","slug":"quienes-somos","status":"publish","type":"page","link":"https:\/\/tvafricavision.com\/fr\/quienes-somos\/","title":{"rendered":"Qui sommes nous"},"content":{"rendered":"<p>Une soci\u00e9t\u00e9 africaine ind\u00e9pendante de production de films et video, de diffusion en ligne de courts et longs m\u00e9trages, de s\u00e9ries et documentaires africains.<\/p>\n<p>Actif depuis 2001, Africavision.tv (ex Credo Media productions) s\u2019est impos\u00e9 leader dans la production de s\u00e9ries t\u00e9l\u00e9visuelles pour les jeunes en Afrique et les documentaires th\u00e9matiques d\u2019actualit\u00e9 et d\u2019Histoire africaine.<\/p>\n<p>Nous sommes une \u00e9quipe technique professionnelle de plus de quinze ans d\u2019exp\u00e9riences issus du cin\u00e9ma et de la t\u00e9l\u00e9vision.<\/p>\n<p>Equip\u00e9e de car r\u00e9gie de production et de diffusion par satellite, Africavison.tv ambitionne des productions panafricaines et de diffusion online des films africains pour la diaspora de par le monde \u00e0 travers son site<a href=\"http:\/\/www.tvafricavision.com\">www.tvafricavision.com<\/a><\/p>\n<p>Nous r\u00e9alisons nos propres projets cin\u00e9matographiques pour les programmes t\u00e9l\u00e9visuels et le march\u00e9 du film.<\/p>\n<p>Nous ex\u00e9cutons les productions des projets et\u00a0 des programmes command\u00e9s par des chaines ou Institutions culturelles et acad\u00e9miques \u00e0 l\u2019internationale.<\/p>\n<p>Nous soutenons les jeunes talentueux cin\u00e9astes africains dans leurs premi\u00e8res \u0153uvres en coproduction.<\/p>\n<p>Nous soutenons et produisons les documentaires sur la restitution de l\u2019 histoire africaine.<\/p>\n<p>Nous sommes au Burkina Faso et en Espagne. Bient\u00f4t en C\u00f4te d\u2019Ivoire.<\/p>\n<p>&nbsp;<\/p>\n<p><img class=\"wp-image-100 aligncenter img-responsive\" src=\"http:\/\/tvafricavision.com\/wp-content\/uploads\/2017\/06\/Unit\u00e9-mobile-TV.jpg\" \/><\/p>","protected":false},"excerpt":{"rendered":"<p>Une soci\u00e9t\u00e9 africaine ind\u00e9pendante de production de films et video, de diffusion en ligne de courts et longs m\u00e9trages, de s\u00e9ries et documentaires africains. Actif depuis 2001, Africavision.tv (ex Credo Media productions) s\u2019est impos\u00e9 leader dans la production de s\u00e9ries t\u00e9l\u00e9visuelles pour les jeunes en Afrique et les documentaires th\u00e9matiques d\u2019actualit\u00e9 et d\u2019Histoire africaine. Nous [&hellip;]<\/p>\n","protected":false},"author":1,"featured_media":0,"parent":0,"menu_order":0,"comment_status":"closed","ping_status":"closed","template":"page-normal.php","meta":[],"_links":{"self":[{"href":"https:\/\/tvafricavision.com\/fr\/wp-json\/wp\/v2\/pages\/94"}],"collection":[{"href":"https:\/\/tvafricavision.com\/fr\/wp-json\/wp\/v2\/pages"}],"about":[{"href":"https:\/\/tvafricavision.com\/fr\/wp-json\/wp\/v2\/types\/page"}],"author":[{"embeddable":true,"href":"https:\/\/tvafricavision.com\/fr\/wp-json\/wp\/v2\/users\/1"}],"replies":[{"embeddable":true,"href":"https:\/\/tvafricavision.com\/fr\/wp-json\/wp\/v2\/comments?post=94"}],"version-history":[{"count":6,"href":"https:\/\/tvafricavision.com\/fr\/wp-json\/wp\/v2\/pages\/94\/revisions"}],"predecessor-version":[{"id":107,"href":"https:\/\/tvafricavision.com\/fr\/wp-json\/wp\/v2\/pages\/94\/revisions\/107"}],"wp:attachment":[{"href":"https:\/\/tvafricavision.com\/fr\/wp-json\/wp\/v2\/media?parent=94"}],"curies":[{"name":"wp","href":"https:\/\/api.w.org\/{rel}","templated":true}]}}